{"id":52,"date":"2025-01-27T14:13:09","date_gmt":"2025-01-27T13:13:09","guid":{"rendered":"https:\/\/www.gvision.sk\/?page_id=52"},"modified":"2025-01-27T16:01:04","modified_gmt":"2025-01-27T15:01:04","slug":"public-relations","status":"publish","type":"page","link":"https:\/\/www.gvision.sk\/index.php\/public-relations\/","title":{"rendered":"PUBLIC RELATIONS"},"content":{"rendered":"\n<p>Public relations (PR) is the practice of managing and disseminating information from an individual or an organization (such as a business, government agency, or a nonprofit organization) to the public in order to influence their perception.<\/p>\n\n\n\n<p>Public relations (PR) je prax riadenia a \u0161\u00edrenia inform\u00e1ci\u00ed od jednotlivca alebo organiz\u00e1cie (ako je obchod, vl\u00e1dna agent\u00fara alebo neziskov\u00e1 organiz\u00e1cia) verejnosti s cie\u013eom ovplyvni\u0165 ich vn\u00edmanie.<\/p>\n\n\n\n<p>Las relaciones p\u00fablicas (PR) son la pr\u00e1ctica de gestionar y difundir informaci\u00f3n de un individuo o de una organizaci\u00f3n (como una empresa, una agencia gubernamental o una organizaci\u00f3n sin fines de lucro) al p\u00fablico para influir en su percepci\u00f3n.<\/p>\n\n\n\n<pre id=\"tw-target-text\" class=\"wp-block-preformatted\">&nbsp;<\/pre>\n","protected":false},"excerpt":{"rendered":"<p>Spolupracujeme s m\u00e9diami na \u0161\u00edren\u00ed V\u00e1\u0161ho dobr\u00e9ho mena, V\u00e1\u0161ho v\u00fdrobku alebo slu\u017eby. Nielen na Slovensku ale celosvetovo<\/p>\n","protected":false},"author":1,"featured_media":0,"parent":0,"menu_order":0,"comment_status":"closed","ping_status":"closed","template":"","meta":{"_uag_custom_page_level_css":"","advanced_seo_description":"Spolupracujeme s m\u00e9diami na \u0161\u00edren\u00ed V\u00e1\u0161ho dobr\u00e9ho mena, V\u00e1\u0161ho v\u00fdrobku alebo slu\u017eby. Nielen na Slovensku ale celosvetovo","jetpack_seo_html_title":"Public relations","jetpack_seo_noindex":false,"footnotes":""},"class_list":["post-52","page","type-page","status-publish","hentry"],"uagb_featured_image_src":{"full":false,"thumbnail":false,"medium":false,"medium_large":false,"large":false,"1536x1536":false,"2048x2048":false,"construction-landing-page-banner":false,"construction-landing-page-about-portfolio":false,"construction-landing-page-testimonial":false,"construction-landing-page-with-sidebar":false,"construction-landing-page-without-sidebar":false,"construction-landing-page-blog":false,"construction-landing-page-featured":false,"construction-landing-page-recent":false,"construction-landing-page-schema":false},"uagb_author_info":{"display_name":"gvision","author_link":"https:\/\/www.gvision.sk\/index.php\/author\/gvision\/"},"uagb_comment_info":0,"uagb_excerpt":"Spolupracujeme s m\u00e9diami na \u0161\u00edren\u00ed V\u00e1\u0161ho dobr\u00e9ho mena, V\u00e1\u0161ho v\u00fdrobku alebo slu\u017eby. Nielen na Slovensku ale celosvetovo","jetpack_likes_enabled":true,"jetpack_sharing_enabled":true,"_links":{"self":[{"href":"https:\/\/www.gvision.sk\/index.php\/wp-json\/wp\/v2\/pages\/52","targetHints":{"allow":["GET"]}}],"collection":[{"href":"https:\/\/www.gvision.sk\/index.php\/wp-json\/wp\/v2\/pages"}],"about":[{"href":"https:\/\/www.gvision.sk\/index.php\/wp-json\/wp\/v2\/types\/page"}],"author":[{"embeddable":true,"href":"https:\/\/www.gvision.sk\/index.php\/wp-json\/wp\/v2\/users\/1"}],"replies":[{"embeddable":true,"href":"https:\/\/www.gvision.sk\/index.php\/wp-json\/wp\/v2\/comments?post=52"}],"version-history":[{"count":11,"href":"https:\/\/www.gvision.sk\/index.php\/wp-json\/wp\/v2\/pages\/52\/revisions"}],"predecessor-version":[{"id":111,"href":"https:\/\/www.gvision.sk\/index.php\/wp-json\/wp\/v2\/pages\/52\/revisions\/111"}],"wp:attachment":[{"href":"https:\/\/www.gvision.sk\/index.php\/wp-json\/wp\/v2\/media?parent=52"}],"curies":[{"name":"wp","href":"https:\/\/api.w.org\/{rel}","templated":true}]}}